{"id":61,"date":"2023-07-24T13:03:41","date_gmt":"2023-07-24T13:03:41","guid":{"rendered":"https:\/\/qlclubricantes.es\/?page_id=61"},"modified":"2023-07-25T07:51:30","modified_gmt":"2023-07-25T07:51:30","slug":"sobre-nosotros","status":"publish","type":"page","link":"https:\/\/qlclubricantes.es\/index.php\/sobre-nosotros\/","title":{"rendered":"Sobre Nosotros"},"content":{"rendered":"<p>[et_pb_section fb_built=\u00bb1&#8243; admin_label=\u00bbFeature\u00bb _builder_version=\u00bb4.20.0&#8243; _module_preset=\u00bbdefault\u00bb background_color=\u00bb#080f18&#8243; use_background_color_gradient=\u00bbon\u00bb background_color_gradient_stops=\u00bbrgba(8,15,24,0) 0%|#242938 68%\u00bb background_image=\u00bbhttps:\/\/qlclubricantes.es\/wp-content\/uploads\/2023\/07\/cargo-transport-14.png\u00bb background_position=\u00bbbottom_center\u00bb custom_padding=\u00bb0px||0px||false|false\u00bb locked=\u00bboff\u00bb collapsed=\u00bbon\u00bb global_colors_info=\u00bb{%22gcid-af6245ea-df40-48a8-9687-67293107dc0c%22:%91%22background_color%22%93}\u00bb][et_pb_row column_structure=\u00bb1_2,1_2&#8243; _builder_version=\u00bb4.20.0&#8243; _module_preset=\u00bbdefault\u00bb global_colors_info=\u00bb{}\u00bb][et_pb_column type=\u00bb1_2&#8243; _builder_version=\u00bb4.20.0&#8243; _module_preset=\u00bbdefault\u00bb global_colors_info=\u00bb{}\u00bb][et_pb_text _builder_version=\u00bb4.21.0&#8243; _module_preset=\u00bbd8615850-583d-4e85-a598-91cbb571d181&#8243; header_4_text_color=\u00bbgcid-8cdb4e16-0e89-4c38-b30b-9fe41127e3f5&#8243; global_colors_info=\u00bb{%22gcid-8cdb4e16-0e89-4c38-b30b-9fe41127e3f5%22:%91%22header_4_text_color%22%93}\u00bb][\/et_pb_text][et_pb_text _builder_version=\u00bb4.21.0&#8243; _module_preset=\u00bb8d26159a-1a88-4e07-89a8-1b2c80504578&#8243; header_2_text_color=\u00bb#FFFFFF\u00bb global_colors_info=\u00bb{}\u00bb]<\/p>\n<h2>Sobre Nosotros<\/h2>\n<p>[\/et_pb_text][et_pb_text _builder_version=\u00bb4.21.0&#8243; _module_preset=\u00bbdbfc60a6-d880-474f-a6e7-6d3531f6d503&#8243; text_text_color=\u00bbrgba(255,255,255,0.7)\u00bb global_colors_info=\u00bb{}\u00bb]<\/p>\n<p>En QLC, somos un equipo de entusiastas del autom\u00f3vil y expertos en lubricaci\u00f3n que se han dedicado a proporcionar soluciones avanzadas para el cuidado de su veh\u00edculo. Nuestra empresa fue fundada con una visi\u00f3n clara: ofrecer productos de primera clase que protejan y optimicen el rendimiento de los motores automotrices en todas las condiciones.<\/p>\n<p>\u00bfQu\u00e9 nos hace diferentes?<\/p>\n<p>[\/et_pb_text][et_pb_blurb title=\u00bbExcelencia en la Calidad: Nos comprometemos a ofrecer productos de la m\u00e1s alta calidad que superen las expectativas de nuestros clientes. Todos nuestros lubricantes, aceites y tratamientos son sometidos a rigurosas pruebas para garantizar su eficacia y seguridad.\u00bb use_icon=\u00bbon\u00bb font_icon=\u00bb&#xe052;||divi||400&#8243; _builder_version=\u00bb4.21.0&#8243; _module_preset=\u00bb30f4698f-acd6-4eb1-82f1-2402c628e125&#8243; locked=\u00bboff\u00bb global_colors_info=\u00bb{}\u00bb][\/et_pb_blurb][et_pb_blurb title=\u00bbInnovaci\u00f3n Constante: En QLC, abrazamos la innovaci\u00f3n como motor de nuestro crecimiento. Mantenemos una investigaci\u00f3n continua para desarrollar soluciones avanzadas que se adapten a las \u00faltimas tecnolog\u00edas y requisitos del mercado automotriz.\u00bb use_icon=\u00bbon\u00bb font_icon=\u00bb&#xe052;||divi||400&#8243; _builder_version=\u00bb4.21.0&#8243; _module_preset=\u00bb30f4698f-acd6-4eb1-82f1-2402c628e125&#8243; locked=\u00bboff\u00bb global_colors_info=\u00bb{}\u00bb][\/et_pb_blurb][et_pb_blurb title=\u00bbSostenibilidad: Nos preocupamos por el impacto ambiental de nuestras operaciones y productos. Es por eso que nuestra l\u00ednea QLC ECOPLUS se centra en ofrecer tratamientos ecol\u00f3gicos que protejan su motor y el planeta.\u00bb use_icon=\u00bbon\u00bb font_icon=\u00bb&#xe052;||divi||400&#8243; _builder_version=\u00bb4.21.0&#8243; _module_preset=\u00bb30f4698f-acd6-4eb1-82f1-2402c628e125&#8243; locked=\u00bboff\u00bb global_colors_info=\u00bb{}\u00bb][\/et_pb_blurb][et_pb_blurb title=\u00bbCompromiso con el Cliente: La satisfacci\u00f3n del cliente es nuestra m\u00e1xima prioridad. Nuestro equipo de atenci\u00f3n al cliente est\u00e1 siempre dispuesto a brindar asesoramiento y soporte personalizado para garantizar que encuentre la soluci\u00f3n adecuada para su veh\u00edculo.\u00bb use_icon=\u00bbon\u00bb font_icon=\u00bb&#xe052;||divi||400&#8243; _builder_version=\u00bb4.21.0&#8243; _module_preset=\u00bb30f4698f-acd6-4eb1-82f1-2402c628e125&#8243; locked=\u00bboff\u00bb global_colors_info=\u00bb{}\u00bb][\/et_pb_blurb][\/et_pb_column][et_pb_column type=\u00bb1_2&#8243; _builder_version=\u00bb4.20.0&#8243; _module_preset=\u00bbdefault\u00bb global_colors_info=\u00bb{}\u00bb][et_pb_image src=\u00bbhttps:\/\/qlclubricantes.es\/wp-content\/uploads\/2023\/07\/pexels-artem-podrez-8985924.jpg\u00bb title_text=\u00bbpexels-artem-podrez-8985924&#8243; _builder_version=\u00bb4.21.0&#8243; _module_preset=\u00bbdefault\u00bb global_colors_info=\u00bb{}\u00bb][\/et_pb_image][\/et_pb_column][\/et_pb_row][\/et_pb_section]<\/p>\n","protected":false},"excerpt":{"rendered":"<p>Sobre NosotrosEn QLC, somos un equipo de entusiastas del autom\u00f3vil y expertos en lubricaci\u00f3n que se han dedicado a proporcionar soluciones avanzadas para el cuidado de su veh\u00edculo. Nuestra empresa fue fundada con una visi\u00f3n clara: ofrecer productos de primera clase que protejan y optimicen el rendimiento de los motores automotrices en todas las condiciones. [&hellip;]<\/p>\n","protected":false},"author":1,"featured_media":0,"parent":0,"menu_order":0,"comment_status":"closed","ping_status":"closed","template":"","meta":{"_et_pb_use_builder":"on","_et_pb_old_content":"","_et_gb_content_width":"","footnotes":""},"class_list":["post-61","page","type-page","status-publish","hentry"],"_links":{"self":[{"href":"https:\/\/qlclubricantes.es\/index.php\/wp-json\/wp\/v2\/pages\/61","targetHints":{"allow":["GET"]}}],"collection":[{"href":"https:\/\/qlclubricantes.es\/index.php\/wp-json\/wp\/v2\/pages"}],"about":[{"href":"https:\/\/qlclubricantes.es\/index.php\/wp-json\/wp\/v2\/types\/page"}],"author":[{"embeddable":true,"href":"https:\/\/qlclubricantes.es\/index.php\/wp-json\/wp\/v2\/users\/1"}],"replies":[{"embeddable":true,"href":"https:\/\/qlclubricantes.es\/index.php\/wp-json\/wp\/v2\/comments?post=61"}],"version-history":[{"count":4,"href":"https:\/\/qlclubricantes.es\/index.php\/wp-json\/wp\/v2\/pages\/61\/revisions"}],"predecessor-version":[{"id":103,"href":"https:\/\/qlclubricantes.es\/index.php\/wp-json\/wp\/v2\/pages\/61\/revisions\/103"}],"wp:attachment":[{"href":"https:\/\/qlclubricantes.es\/index.php\/wp-json\/wp\/v2\/media?parent=61"}],"curies":[{"name":"wp","href":"https:\/\/api.w.org\/{rel}","templated":true}]}}