{"id":7,"date":"2023-07-23T17:53:52","date_gmt":"2023-07-23T17:53:52","guid":{"rendered":"https:\/\/qlclubricantes.es\/?page_id=7"},"modified":"2023-09-06T08:44:40","modified_gmt":"2023-09-06T08:44:40","slug":"inicio","status":"publish","type":"page","link":"https:\/\/qlclubricantes.es\/","title":{"rendered":"Inicio"},"content":{"rendered":"<p>[et_pb_section fb_built=\u00bb1&#8243; admin_label=\u00bbHeader\u00bb _builder_version=\u00bb4.21.0&#8243; _module_preset=\u00bbdefault\u00bb background_color=\u00bb#080f18&#8243; use_background_color_gradient=\u00bbon\u00bb background_color_gradient_stops=\u00bbrgba(8,15,24,0) 0%|#242938 68%\u00bb background_image=\u00bbhttps:\/\/qlclubricantes.es\/wp-content\/uploads\/2023\/07\/cargo-transport-14.png\u00bb background_position=\u00bbbottom_center\u00bb custom_padding=\u00bb0px||0px||false|false\u00bb collapsed=\u00bbon\u00bb global_colors_info=\u00bb{}\u00bb][et_pb_row _builder_version=\u00bb4.20.0&#8243; _module_preset=\u00bbdefault\u00bb custom_padding=\u00bb||0px||false|false\u00bb global_colors_info=\u00bb{}\u00bb][et_pb_column type=\u00bb4_4&#8243; _builder_version=\u00bb4.20.0&#8243; _module_preset=\u00bbdefault\u00bb global_colors_info=\u00bb{}\u00bb][et_pb_text _builder_version=\u00bb4.21.0&#8243; _module_preset=\u00bb7b96fe15-de6b-446f-b790-5116be93807f\u00bb header_text_color=\u00bb#FFFFFF\u00bb text_orientation=\u00bbcenter\u00bb max_width=\u00bb900px\u00bb module_alignment=\u00bbcenter\u00bb custom_margin=\u00bb||10px||false|false\u00bb global_colors_info=\u00bb{}\u00bb]<\/p>\n<h1><span>Soluciones de Lubricaci\u00f3n Avanzada<\/span><\/h1>\n<p>[\/et_pb_text][et_pb_button button_url=\u00bbhttps:\/\/qlclubricantes.es\/index.php\/contacto\/\u00bb button_text=\u00bbContacto\u00bb button_alignment=\u00bbcenter\u00bb _builder_version=\u00bb4.21.0&#8243; _module_preset=\u00bb1d3722ff-ed20-4076-ba03-addb6ec2113b\u00bb button_bg_color=\u00bbgcid-8cdb4e16-0e89-4c38-b30b-9fe41127e3f5&#8243; custom_margin=\u00bb||39px||false|false\u00bb global_colors_info=\u00bb{}\u00bb][\/et_pb_button][et_pb_image src=\u00bbhttps:\/\/qlclubricantes.es\/wp-content\/uploads\/2023\/07\/acei.jpg\u00bb title_text=\u00bbacei\u00bb _builder_version=\u00bb4.21.0&#8243; _module_preset=\u00bbdefault\u00bb width=\u00bb70%\u00bb animation_style=\u00bbslide\u00bb animation_direction=\u00bbright\u00bb animation_intensity_slide=\u00bb2%\u00bb global_colors_info=\u00bb{}\u00bb][\/et_pb_image][et_pb_image src=\u00bbhttps:\/\/qlclubricantes.es\/wp-content\/uploads\/2023\/07\/aceite.jpg\u00bb title_text=\u00bbaceite\u00bb align=\u00bbright\u00bb _builder_version=\u00bb4.21.0&#8243; _module_preset=\u00bbdefault\u00bb width=\u00bb70%\u00bb custom_margin=\u00bb-20%||||false|false\u00bb animation_style=\u00bbslide\u00bb animation_direction=\u00bbleft\u00bb animation_intensity_slide=\u00bb2%\u00bb scroll_horizontal_motion=\u00bb0|50|50|100|-4|0|4&#8243; global_colors_info=\u00bb{}\u00bb][\/et_pb_image][\/et_pb_column][\/et_pb_row][\/et_pb_section][et_pb_section fb_built=\u00bb1&#8243; admin_label=\u00bbFeatures\u00bb _builder_version=\u00bb4.20.0&#8243; _module_preset=\u00bbdefault\u00bb background_color=\u00bbgcid-af6245ea-df40-48a8-9687-67293107dc0c\u00bb custom_padding=\u00bb||26px|||\u00bb saved_tabs=\u00bball\u00bb collapsed=\u00bbon\u00bb global_colors_info=\u00bb{%22gcid-af6245ea-df40-48a8-9687-67293107dc0c%22:%91%22background_color%22%93}\u00bb][et_pb_row column_structure=\u00bb1_2,1_2&#8243; _builder_version=\u00bb4.20.0&#8243; _module_preset=\u00bbdefault\u00bb locked=\u00bboff\u00bb global_colors_info=\u00bb{}\u00bb][et_pb_column type=\u00bb1_2&#8243; _builder_version=\u00bb4.20.0&#8243; _module_preset=\u00bbdefault\u00bb global_colors_info=\u00bb{}\u00bb][et_pb_image src=\u00bbhttps:\/\/qlclubricantes.es\/wp-content\/uploads\/2023\/07\/Cargo-transport-illustrations.png\u00bb title_text=\u00bbCargo-transport-illustrations\u00bb align=\u00bbright\u00bb _builder_version=\u00bb4.20.0&#8243; _module_preset=\u00bbdefault\u00bb custom_margin=\u00bb|||-20vw|false|false\u00bb custom_margin_last_edited=\u00bboff|desktop\u00bb scroll_horizontal_motion_enable=\u00bbon\u00bb scroll_horizontal_motion=\u00bb0|100|100|100|-2|0|0&#8243; global_colors_info=\u00bb{}\u00bb][\/et_pb_image][\/et_pb_column][et_pb_column type=\u00bb1_2&#8243; _builder_version=\u00bb4.20.0&#8243; _module_preset=\u00bbdefault\u00bb global_colors_info=\u00bb{}\u00bb][et_pb_text _builder_version=\u00bb4.21.0&#8243; _module_preset=\u00bb65b871f9-cc0d-4af1-8521-4830f9c82669&#8243; header_4_text_color=\u00bbgcid-8cdb4e16-0e89-4c38-b30b-9fe41127e3f5&#8243; global_colors_info=\u00bb{%22gcid-8cdb4e16-0e89-4c38-b30b-9fe41127e3f5%22:%91%22header_4_text_color%22%93}\u00bb][\/et_pb_text][et_pb_text _builder_version=\u00bb4.21.0&#8243; _module_preset=\u00bbd028ddd2-8ccc-4101-a040-0d4f0244fbe0&#8243; header_2_text_color=\u00bb#FFFFFF\u00bb global_colors_info=\u00bb{}\u00bb]<\/p>\n<h2>Sobre\u00a0 Nosotros<\/h2>\n<p>[\/et_pb_text][et_pb_text _builder_version=\u00bb4.21.0&#8243; _module_preset=\u00bb3b29edd7-8f70-47aa-ab4b-caa9cce8468c\u00bb text_text_color=\u00bbrgba(255,255,255,0.7)\u00bb global_colors_info=\u00bb{}\u00bb]<\/p>\n<p><span>En QLC, nos enorgullecemos de ser l\u00edderes en la comercializaci\u00f3n de lubricantes sint\u00e9ticos y aceites de alta calidad para cualquier tipo de motor. Adem\u00e1s, ofrecemos tratamientos innovadores para el cuidado y mantenimiento de su veh\u00edculo.<br \/>Nuestro compromiso con la excelencia nos ha llevado a desarrollar productos de vanguardia que garantizan el rendimiento \u00f3ptimo de su autom\u00f3vil, prolongando su vida \u00fatil y reduciendo el desgaste del motor. Con a\u00f1os de experiencia en la industria y un equipo altamente calificado, QLC se ha convertido en la elecci\u00f3n preferida de los conductores exigentes y profesionales del autom\u00f3vil.<\/span><\/p>\n<p>[\/et_pb_text][et_pb_blurb title=\u00bbNuestra pasi\u00f3n por la calidad y el rendimiento se refleja en cada producto que ofrecemos. Descubra c\u00f3mo QLC puede llevar su experiencia de conducci\u00f3n al siguiente nivel.\u00bb use_icon=\u00bbon\u00bb font_icon=\u00bb&#xf1b9;||fa||900&#8243; _builder_version=\u00bb4.21.0&#8243; _module_preset=\u00bb54ee56dc-9e37-4af0-824b-9237abe52c71&#8243; global_colors_info=\u00bb{}\u00bb][\/et_pb_blurb][et_pb_button button_url=\u00bbhttps:\/\/qlclubricantes.es\/index.php\/sobre-nosotros\/\u00bb button_text=\u00bbSaber m\u00e1s\u00bb button_alignment=\u00bbleft\u00bb _builder_version=\u00bb4.21.0&#8243; _module_preset=\u00bb6fa8b040-c9ea-494f-9f53-0a88c18e523d\u00bb locked=\u00bboff\u00bb global_colors_info=\u00bb{}\u00bb][\/et_pb_button][\/et_pb_column][\/et_pb_row][\/et_pb_section][et_pb_section fb_built=\u00bb1&#8243; admin_label=\u00bbServices\u00bb _builder_version=\u00bb4.20.0&#8243; _module_preset=\u00bbdefault\u00bb background_color=\u00bbgcid-af6245ea-df40-48a8-9687-67293107dc0c\u00bb custom_padding=\u00bb2px|||||\u00bb saved_tabs=\u00bball\u00bb locked=\u00bboff\u00bb collapsed=\u00bbon\u00bb global_colors_info=\u00bb{%22gcid-af6245ea-df40-48a8-9687-67293107dc0c%22:%91%22background_color%22%93}\u00bb][et_pb_row _builder_version=\u00bb4.20.0&#8243; _module_preset=\u00bbdefault\u00bb max_width=\u00bb700px\u00bb module_alignment=\u00bbcenter\u00bb custom_margin=\u00bb36px|auto||auto||\u00bb global_colors_info=\u00bb{}\u00bb][et_pb_column type=\u00bb4_4&#8243; _builder_version=\u00bb4.20.0&#8243; _module_preset=\u00bbdefault\u00bb global_colors_info=\u00bb{}\u00bb][et_pb_text _builder_version=\u00bb4.21.0&#8243; _module_preset=\u00bb65b871f9-cc0d-4af1-8521-4830f9c82669&#8243; header_4_text_color=\u00bbgcid-8cdb4e16-0e89-4c38-b30b-9fe41127e3f5&#8243; text_orientation=\u00bbcenter\u00bb global_colors_info=\u00bb{%22gcid-8cdb4e16-0e89-4c38-b30b-9fe41127e3f5%22:%91%22header_4_text_color%22%93}\u00bb]<\/p>\n<h4>Servicios<\/h4>\n<p>[\/et_pb_text][et_pb_text _builder_version=\u00bb4.21.0&#8243; _module_preset=\u00bbd028ddd2-8ccc-4101-a040-0d4f0244fbe0&#8243; header_2_text_color=\u00bb#FFFFFF\u00bb text_orientation=\u00bbcenter\u00bb global_colors_info=\u00bb{}\u00bb]<\/p>\n<h2>Trabajamos con 3 l\u00edneas de productos<\/h2>\n<p>[\/et_pb_text][\/et_pb_column][\/et_pb_row][et_pb_row column_structure=\u00bb1_3,1_3,1_3&#8243; make_equal=\u00bbon\u00bb _builder_version=\u00bb4.20.0&#8243; _module_preset=\u00bbdefault\u00bb locked=\u00bboff\u00bb global_colors_info=\u00bb{}\u00bb][et_pb_column type=\u00bb1_3&#8243; _builder_version=\u00bb4.20.0&#8243; _module_preset=\u00bbdefault\u00bb custom_padding=\u00bb50px|30px|50px|30px|true|true\u00bb border_radii=\u00bbon|10px|10px|10px|10px\u00bb border_width_all=\u00bb2px\u00bb border_color_all=\u00bbgcid-aa5ce8f4-a042-4184-8a76-3f3d083cef18&#8243; global_colors_info=\u00bb{%22gcid-aa5ce8f4-a042-4184-8a76-3f3d083cef18%22:%91%22border_color_all%22%93,%22gcid-8cdb4e16-0e89-4c38-b30b-9fe41127e3f5%22:%91%22border_color_all__hover%22%93}\u00bb border_color_all__hover_enabled=\u00bbon|desktop\u00bb border_color_all__hover=\u00bb#e7ac3c\u00bb][et_pb_image src=\u00bbhttps:\/\/qlclubricantes.es\/wp-content\/uploads\/2023\/07\/cargo_transport_icon_2.png\u00bb title_text=\u00bbcargo_transport_icon_2&#8243; _builder_version=\u00bb4.20.0&#8243; _module_preset=\u00bbdefault\u00bb global_colors_info=\u00bb{}\u00bb][\/et_pb_image][et_pb_text _builder_version=\u00bb4.22.1&#8243; _module_preset=\u00bbc42720ab-32ff-49e5-a723-e8a3418d4e3d\u00bb header_3_text_color=\u00bb#FFFFFF\u00bb hover_enabled=\u00bb0&#8243; global_colors_info=\u00bb{}\u00bb sticky_enabled=\u00bb0&#8243;]<\/p>\n<h3><strong>QLC &#8211; <\/strong>Lubricantes Sint\u00e9ticos y Aceite<\/h3>\n<p>&nbsp;<\/p>\n<p>[\/et_pb_text][et_pb_text _builder_version=\u00bb4.22.1&#8243; _module_preset=\u00bbdefault\u00bb hover_enabled=\u00bb0&#8243; global_colors_info=\u00bb{}\u00bb sticky_enabled=\u00bb0&#8243;]<\/p>\n<p style=\"text-align: justify;\"><span> Nuestra l\u00ednea principal, que ofrece una gama completa de lubricantes sint\u00e9ticos y aceites de motor para una protecci\u00f3n \u00f3ptima y un rendimiento excepcional.<\/span><span><\/span><\/p>\n<p style=\"text-align: justify;\"><span><\/span><\/p>\n<p style=\"text-align: justify;\"><span><\/span><\/p>\n<p>[\/et_pb_text][et_pb_button button_url=\u00bbhttps:\/\/qlclubricantes.es\/wp-content\/uploads\/2023\/09\/QLC-CATALOGO.pdf\u00bb button_text=\u00bbCatalogo\u00bb button_alignment=\u00bbcenter\u00bb _builder_version=\u00bb4.22.1&#8243; _module_preset=\u00bb2506fc31-f4eb-4d53-8427-61239c5b2735&#8243; hover_enabled=\u00bb0&#8243; global_colors_info=\u00bb{}\u00bb locked=\u00bboff\u00bb button_bg_color=\u00bb#E09900&#8243; button_bg_enable_color=\u00bbon\u00bb sticky_enabled=\u00bb0&#8243; url_new_window=\u00bbon\u00bb][\/et_pb_button][\/et_pb_column][et_pb_column type=\u00bb1_3&#8243; _builder_version=\u00bb4.20.0&#8243; _module_preset=\u00bbdefault\u00bb custom_padding=\u00bb50px|30px|50px|30px|true|true\u00bb border_radii=\u00bbon|10px|10px|10px|10px\u00bb border_width_all=\u00bb2px\u00bb border_color_all=\u00bbgcid-aa5ce8f4-a042-4184-8a76-3f3d083cef18&#8243; global_colors_info=\u00bb{%22gcid-aa5ce8f4-a042-4184-8a76-3f3d083cef18%22:%91%22border_color_all%22%93,%22gcid-8cdb4e16-0e89-4c38-b30b-9fe41127e3f5%22:%91%22border_color_all__hover%22%93}\u00bb border_color_all__hover_enabled=\u00bbon|hover\u00bb border_color_all__hover=\u00bb#e7ac3c\u00bb][et_pb_image src=\u00bbhttps:\/\/qlclubricantes.es\/wp-content\/uploads\/2023\/07\/cargo_transport_icon_2.png\u00bb title_text=\u00bbcargo_transport_icon_2&#8243; _builder_version=\u00bb4.21.0&#8243; _module_preset=\u00bbdefault\u00bb locked=\u00bboff\u00bb global_colors_info=\u00bb{}\u00bb][\/et_pb_image][et_pb_text _builder_version=\u00bb4.21.0&#8243; _module_preset=\u00bbc42720ab-32ff-49e5-a723-e8a3418d4e3d\u00bb header_3_text_color=\u00bb#FFFFFF\u00bb locked=\u00bboff\u00bb global_colors_info=\u00bb{}\u00bb]<\/p>\n<h3><strong>QLC ECOPLUS &#8211; <\/strong>Tratamientos y Limpiadores para Motor<\/h3>\n<p>[\/et_pb_text][et_pb_text _builder_version=\u00bb4.22.1&#8243; _module_preset=\u00bbdefault\u00bb hover_enabled=\u00bb0&#8243; global_colors_info=\u00bb{}\u00bb sticky_enabled=\u00bb0&#8243;]<\/p>\n<p style=\"text-align: justify;\"><span>La l\u00ednea ecol\u00f3gica de QLC, dise\u00f1ada para cuidar su motor con productos amigables con el medio ambiente que eliminan impurezas y mejoran la eficiencia.<\/span><\/p>\n<p style=\"text-align: justify;\"><span><\/span><\/p>\n<p style=\"text-align: justify;\"><span><\/span><\/p>\n<p>[\/et_pb_text][et_pb_button button_url=\u00bbhttps:\/\/qlclubricantes.es\/wp-content\/uploads\/2023\/09\/Triptico-QLC_.pdf\u00bb button_text=\u00bbCatalogo\u00bb button_alignment=\u00bbcenter\u00bb _builder_version=\u00bb4.22.1&#8243; _module_preset=\u00bb2506fc31-f4eb-4d53-8427-61239c5b2735&#8243; hover_enabled=\u00bb0&#8243; global_colors_info=\u00bb{}\u00bb locked=\u00bboff\u00bb button_bg_color=\u00bb#E09900&#8243; button_bg_enable_color=\u00bbon\u00bb sticky_enabled=\u00bb0&#8243; url_new_window=\u00bbon\u00bb][\/et_pb_button][\/et_pb_column][et_pb_column type=\u00bb1_3&#8243; _builder_version=\u00bb4.20.0&#8243; _module_preset=\u00bbdefault\u00bb custom_padding=\u00bb50px|30px|50px|30px|true|true\u00bb border_radii=\u00bbon|10px|10px|10px|10px\u00bb border_width_all=\u00bb2px\u00bb border_color_all=\u00bbgcid-aa5ce8f4-a042-4184-8a76-3f3d083cef18&#8243; global_colors_info=\u00bb{%22gcid-aa5ce8f4-a042-4184-8a76-3f3d083cef18%22:%91%22border_color_all%22%93,%22gcid-8cdb4e16-0e89-4c38-b30b-9fe41127e3f5%22:%91%22border_color_all__hover%22%93}\u00bb border_color_all__hover_enabled=\u00bbon|desktop\u00bb border_color_all__hover=\u00bb#e7ac3c\u00bb][et_pb_image src=\u00bbhttps:\/\/qlclubricantes.es\/wp-content\/uploads\/2023\/07\/cargo_transport_icon_2.png\u00bb title_text=\u00bbcargo_transport_icon_2&#8243; _builder_version=\u00bb4.21.0&#8243; _module_preset=\u00bbdefault\u00bb locked=\u00bboff\u00bb global_colors_info=\u00bb{}\u00bb][\/et_pb_image][et_pb_text _builder_version=\u00bb4.21.0&#8243; _module_preset=\u00bbc42720ab-32ff-49e5-a723-e8a3418d4e3d\u00bb header_3_text_color=\u00bb#FFFFFF\u00bb locked=\u00bboff\u00bb global_colors_info=\u00bb{}\u00bb]<\/p>\n<h3><strong>LANCAR &#8211;<\/strong> Tratamientos Especiales y Lubricantes en Aerosol<\/h3>\n<p>[\/et_pb_text][et_pb_text _builder_version=\u00bb4.21.0&#8243; _module_preset=\u00bbdefault\u00bb hover_enabled=\u00bb0&#8243; global_colors_info=\u00bb{}\u00bb sticky_enabled=\u00bb0&#8243;]<\/p>\n<p style=\"text-align: justify;\"><span>Soluciones avanzadas para el tratamiento de aceites, combustibles, sistemas de refrigeraci\u00f3n y mucho m\u00e1s, asegurando el funcionamiento eficiente de todos los componentes de su veh\u00edculo.<\/span><\/p>\n<p>[\/et_pb_text][et_pb_button button_url=\u00bbhttps:\/\/qlclubricantes.es\/wp-content\/uploads\/2023\/09\/lancar-general-ultima-version.pdf\u00bb button_text=\u00bbCatalogo\u00bb button_alignment=\u00bbcenter\u00bb _builder_version=\u00bb4.22.1&#8243; _module_preset=\u00bb2506fc31-f4eb-4d53-8427-61239c5b2735&#8243; hover_enabled=\u00bb0&#8243; global_colors_info=\u00bb{}\u00bb locked=\u00bboff\u00bb button_bg_color=\u00bb#E09900&#8243; button_bg_enable_color=\u00bbon\u00bb sticky_enabled=\u00bb0&#8243; url_new_window=\u00bbon\u00bb][\/et_pb_button][\/et_pb_column][\/et_pb_row][\/et_pb_section][et_pb_section fb_built=\u00bb1&#8243; _builder_version=\u00bb4.21.0&#8243; _module_preset=\u00bbdefault\u00bb background_image=\u00bbhttps:\/\/qlclubricantes.es\/wp-content\/uploads\/2023\/07\/imggg.jpg\u00bb global_colors_info=\u00bb{}\u00bb][et_pb_row _builder_version=\u00bb4.21.0&#8243; _module_preset=\u00bbdefault\u00bb background_color=\u00bbrgba(232,186,109,0.66)\u00bb background_enable_image=\u00bboff\u00bb background_position=\u00bbtop_center\u00bb custom_margin=\u00bb1px|auto||auto||\u00bb custom_padding=\u00bb47px|80px|47px|80px|true|true\u00bb border_radii=\u00bbon|10px|10px|10px|10px\u00bb saved_tabs=\u00bball\u00bb locked=\u00bboff\u00bb global_colors_info=\u00bb{}\u00bb][et_pb_column type=\u00bb4_4&#8243; _builder_version=\u00bb4.20.0&#8243; _module_preset=\u00bbdefault\u00bb global_colors_info=\u00bb{}\u00bb][et_pb_text _builder_version=\u00bb4.21.0&#8243; _module_preset=\u00bbd028ddd2-8ccc-4101-a040-0d4f0244fbe0&#8243; header_2_text_color=\u00bbgcid-af6245ea-df40-48a8-9687-67293107dc0c\u00bb text_orientation=\u00bbcenter\u00bb global_colors_info=\u00bb{%22gcid-af6245ea-df40-48a8-9687-67293107dc0c%22:%91%22header_2_text_color%22%93}\u00bb]<\/p>\n<h2><span> Si tiene alguna pregunta, consulta o desea conocer m\u00e1s sobre nuestros productos, no dude en ponerse en contacto con nosotros. <\/span><\/h2>\n<p>[\/et_pb_text][et_pb_button button_url=\u00bbhttps:\/\/qlclubricantes.es\/index.php\/contacto\/\u00bb button_text=\u00bbContacto\u00bb button_alignment=\u00bbcenter\u00bb _builder_version=\u00bb4.21.0&#8243; _module_preset=\u00bb2506fc31-f4eb-4d53-8427-61239c5b2735&#8243; global_colors_info=\u00bb{}\u00bb][\/et_pb_button][\/et_pb_column][\/et_pb_row][\/et_pb_section][et_pb_section fb_built=\u00bb1&#8243; _builder_version=\u00bb4.21.0&#8243; _module_preset=\u00bbdefault\u00bb background_color=\u00bb#080f18&#8243; custom_padding=\u00bb4px||0px|||\u00bb global_colors_info=\u00bb{}\u00bb][et_pb_row _builder_version=\u00bb4.21.0&#8243; _module_preset=\u00bbdefault\u00bb global_colors_info=\u00bb{}\u00bb][et_pb_column type=\u00bb4_4&#8243; _builder_version=\u00bb4.21.0&#8243; _module_preset=\u00bbdefault\u00bb global_colors_info=\u00bb{}\u00bb][et_pb_image src=\u00bbhttps:\/\/qlclubricantes.es\/wp-content\/uploads\/2023\/08\/financiacion-europea-1.png.png\u00bb title_text=\u00bbfinanciacion-europea-1.png\u00bb align=\u00bbcenter\u00bb _builder_version=\u00bb4.21.0&#8243; _module_preset=\u00bbdefault\u00bb global_colors_info=\u00bb{}\u00bb][\/et_pb_image][\/et_pb_column][\/et_pb_row][\/et_pb_section]<\/p>\n","protected":false},"excerpt":{"rendered":"<p>Soluciones de Lubricaci\u00f3n AvanzadaSobre\u00a0 NosotrosEn QLC, nos enorgullecemos de ser l\u00edderes en la comercializaci\u00f3n de lubricantes sint\u00e9ticos y aceites de alta calidad para cualquier tipo de motor. Adem\u00e1s, ofrecemos tratamientos innovadores para el cuidado y mantenimiento de su veh\u00edculo.Nuestro compromiso con la excelencia nos ha llevado a desarrollar productos de vanguardia que garantizan el rendimiento [&hellip;]<\/p>\n","protected":false},"author":1,"featured_media":0,"parent":0,"menu_order":0,"comment_status":"closed","ping_status":"closed","template":"","meta":{"_et_pb_use_builder":"on","_et_pb_old_content":"","_et_gb_content_width":"","footnotes":""},"class_list":["post-7","page","type-page","status-publish","hentry"],"_links":{"self":[{"href":"https:\/\/qlclubricantes.es\/index.php\/wp-json\/wp\/v2\/pages\/7","targetHints":{"allow":["GET"]}}],"collection":[{"href":"https:\/\/qlclubricantes.es\/index.php\/wp-json\/wp\/v2\/pages"}],"about":[{"href":"https:\/\/qlclubricantes.es\/index.php\/wp-json\/wp\/v2\/types\/page"}],"author":[{"embeddable":true,"href":"https:\/\/qlclubricantes.es\/index.php\/wp-json\/wp\/v2\/users\/1"}],"replies":[{"embeddable":true,"href":"https:\/\/qlclubricantes.es\/index.php\/wp-json\/wp\/v2\/comments?post=7"}],"version-history":[{"count":25,"href":"https:\/\/qlclubricantes.es\/index.php\/wp-json\/wp\/v2\/pages\/7\/revisions"}],"predecessor-version":[{"id":138,"href":"https:\/\/qlclubricantes.es\/index.php\/wp-json\/wp\/v2\/pages\/7\/revisions\/138"}],"wp:attachment":[{"href":"https:\/\/qlclubricantes.es\/index.php\/wp-json\/wp\/v2\/media?parent=7"}],"curies":[{"name":"wp","href":"https:\/\/api.w.org\/{rel}","templated":true}]}}